{"id":8,"date":"2017-01-31T17:08:50","date_gmt":"2017-01-31T19:08:50","guid":{"rendered":"https:\/\/letraslibras.ufpr.br\/nel\/?page_id=8"},"modified":"2020-11-07T22:36:12","modified_gmt":"2020-11-08T01:36:12","slug":"curso-de-libras","status":"publish","type":"page","link":"https:\/\/letraslibras.ufpr.br\/nel\/curso-de-libras\/","title":{"rendered":"Curso de Libras"},"content":{"rendered":"<p>O curso \u00e9 anual, gratuito e sua\u00a0organiza\u00e7\u00e3o pedag\u00f3gica\u00a0\u00e9 abaixo ilustrada:<\/p>\n<p><img loading=\"lazy\" decoding=\"async\" class=\"aligncenter size-full wp-image-2618\" src=\"https:\/\/letraslibras.ufpr.br\/nel\/wp-content\/uploads\/sites\/4\/2017\/01\/organiza\u00e7\u00e3o-pedag\u00f3gica.jpg\" alt=\"organizacao-pedagogica\" width=\"1414\" height=\"2000\" srcset=\"https:\/\/letraslibras.ufpr.br\/nel\/wp-content\/uploads\/sites\/4\/2017\/01\/organiza\u00e7\u00e3o-pedag\u00f3gica.jpg 1414w, https:\/\/letraslibras.ufpr.br\/nel\/wp-content\/uploads\/sites\/4\/2017\/01\/organiza\u00e7\u00e3o-pedag\u00f3gica-212x300.jpg 212w, https:\/\/letraslibras.ufpr.br\/nel\/wp-content\/uploads\/sites\/4\/2017\/01\/organiza\u00e7\u00e3o-pedag\u00f3gica-768x1086.jpg 768w, https:\/\/letraslibras.ufpr.br\/nel\/wp-content\/uploads\/sites\/4\/2017\/01\/organiza\u00e7\u00e3o-pedag\u00f3gica-724x1024.jpg 724w, https:\/\/letraslibras.ufpr.br\/nel\/wp-content\/uploads\/sites\/4\/2017\/01\/organiza\u00e7\u00e3o-pedag\u00f3gica-1200x1697.jpg 1200w\" sizes=\"auto, (max-width: 709px) 85vw, (max-width: 909px) 67vw, (max-width: 1362px) 62vw, 840px\" \/><\/p>\n<p><img loading=\"lazy\" decoding=\"async\" class=\"aligncenter size-full wp-image-2626\" src=\"https:\/\/letraslibras.ufpr.br\/nel\/wp-content\/uploads\/sites\/4\/2017\/01\/organiza\u00e7\u00e3o-pedag\u00f3gica.png\" alt=\"organizacao-pedagogica\" width=\"1414\" height=\"2000\" srcset=\"https:\/\/letraslibras.ufpr.br\/nel\/wp-content\/uploads\/sites\/4\/2017\/01\/organiza\u00e7\u00e3o-pedag\u00f3gica.png 1414w, https:\/\/letraslibras.ufpr.br\/nel\/wp-content\/uploads\/sites\/4\/2017\/01\/organiza\u00e7\u00e3o-pedag\u00f3gica-212x300.png 212w, https:\/\/letraslibras.ufpr.br\/nel\/wp-content\/uploads\/sites\/4\/2017\/01\/organiza\u00e7\u00e3o-pedag\u00f3gica-768x1086.png 768w, https:\/\/letraslibras.ufpr.br\/nel\/wp-content\/uploads\/sites\/4\/2017\/01\/organiza\u00e7\u00e3o-pedag\u00f3gica-724x1024.png 724w, https:\/\/letraslibras.ufpr.br\/nel\/wp-content\/uploads\/sites\/4\/2017\/01\/organiza\u00e7\u00e3o-pedag\u00f3gica-1200x1697.png 1200w\" sizes=\"auto, (max-width: 709px) 85vw, (max-width: 909px) 67vw, (max-width: 1362px) 62vw, 840px\" \/><\/p>\n<p><iframe loading=\"lazy\" width=\"840\" height=\"473\" src=\"https:\/\/www.youtube.com\/embed\/EVN8BsafFpo?feature=oembed\" frameborder=\"0\" allow=\"accelerometer; autoplay; clipboard-write; encrypted-media; gyroscope; picture-in-picture\" allowfullscreen><\/iframe><\/p>\n","protected":false},"excerpt":{"rendered":"<p>O curso \u00e9 anual, gratuito e sua\u00a0organiza\u00e7\u00e3o pedag\u00f3gica\u00a0\u00e9 abaixo ilustrada:<\/p>\n","protected":false},"author":1,"featured_media":0,"parent":0,"menu_order":0,"comment_status":"closed","ping_status":"closed","template":"","meta":{"footnotes":""},"class_list":["post-8","page","type-page","status-publish","hentry"],"_links":{"self":[{"href":"https:\/\/letraslibras.ufpr.br\/nel\/wp-json\/wp\/v2\/pages\/8","targetHints":{"allow":["GET"]}}],"collection":[{"href":"https:\/\/letraslibras.ufpr.br\/nel\/wp-json\/wp\/v2\/pages"}],"about":[{"href":"https:\/\/letraslibras.ufpr.br\/nel\/wp-json\/wp\/v2\/types\/page"}],"author":[{"embeddable":true,"href":"https:\/\/letraslibras.ufpr.br\/nel\/wp-json\/wp\/v2\/users\/1"}],"replies":[{"embeddable":true,"href":"https:\/\/letraslibras.ufpr.br\/nel\/wp-json\/wp\/v2\/comments?post=8"}],"version-history":[{"count":16,"href":"https:\/\/letraslibras.ufpr.br\/nel\/wp-json\/wp\/v2\/pages\/8\/revisions"}],"predecessor-version":[{"id":2627,"href":"https:\/\/letraslibras.ufpr.br\/nel\/wp-json\/wp\/v2\/pages\/8\/revisions\/2627"}],"wp:attachment":[{"href":"https:\/\/letraslibras.ufpr.br\/nel\/wp-json\/wp\/v2\/media?parent=8"}],"curies":[{"name":"wp","href":"https:\/\/api.w.org\/{rel}","templated":true}]}}