{"id":6,"date":"2017-01-31T17:08:22","date_gmt":"2017-01-31T19:08:22","guid":{"rendered":"https:\/\/letraslibras.ufpr.br\/nel\/?page_id=6"},"modified":"2020-11-07T21:38:12","modified_gmt":"2020-11-08T00:38:12","slug":"libras","status":"publish","type":"page","link":"https:\/\/letraslibras.ufpr.br\/nel\/libras\/","title":{"rendered":"Libras"},"content":{"rendered":"<p>O curso de Libras visa ao acesso do aluno ouvinte a essa l\u00edngua nacional e seu paulatino aperfei\u00e7oamento, baseado na concep\u00e7\u00e3o de l\u00edngua como pr\u00e1tica social que \u00e9 realizada na intera\u00e7\u00e3o e constru\u00edda atrav\u00e9s das tarefas colaborativas. Nesse sentido, est\u00e1 impl\u00edcita a no\u00e7\u00e3o de l\u00edngua como um sistema lingu\u00edstico e como patrim\u00f4nio cultural da sociedade brasileira bem como a vis\u00e3o de surdos \u2013 potenciais usu\u00e1rios desta l\u00edngua como primeira l\u00edngua &#8211; como indiv\u00edduos historicamente definidos sob os quais, atualmente, recai uma vis\u00e3o s\u00f3cio antropol\u00f3gica.<\/p>\n<p>O Curso de Libras do NEL tem uma importante premissa &#8220;Por um Brasil Bil\u00edngue&#8221; e por isso busca disseminar essa l\u00edngua a um n\u00famero cada vez maior de pessoas ouvintes.<\/p>\n<p><iframe loading=\"lazy\" width=\"840\" height=\"473\" src=\"https:\/\/www.youtube.com\/embed\/WkZr1GbyApA?feature=oembed\" frameborder=\"0\" allow=\"accelerometer; autoplay; clipboard-write; encrypted-media; gyroscope; picture-in-picture\" allowfullscreen><\/iframe><\/p>\n","protected":false},"excerpt":{"rendered":"<p>O curso de Libras visa ao acesso do aluno ouvinte a essa l\u00edngua nacional e seu paulatino aperfei\u00e7oamento, baseado na concep\u00e7\u00e3o de l\u00edngua como pr\u00e1tica social que \u00e9 realizada na intera\u00e7\u00e3o e constru\u00edda atrav\u00e9s das tarefas colaborativas. Nesse sentido, est\u00e1 impl\u00edcita a no\u00e7\u00e3o de l\u00edngua como um sistema lingu\u00edstico e como patrim\u00f4nio cultural da sociedade &hellip; <a href=\"https:\/\/letraslibras.ufpr.br\/nel\/libras\/\" class=\"more-link\">Continue lendo<span class=\"screen-reader-text\"> &#8220;Libras&#8221;<\/span><\/a><\/p>\n","protected":false},"author":1,"featured_media":0,"parent":0,"menu_order":0,"comment_status":"closed","ping_status":"closed","template":"","meta":{"footnotes":""},"class_list":["post-6","page","type-page","status-publish","hentry"],"_links":{"self":[{"href":"https:\/\/letraslibras.ufpr.br\/nel\/wp-json\/wp\/v2\/pages\/6","targetHints":{"allow":["GET"]}}],"collection":[{"href":"https:\/\/letraslibras.ufpr.br\/nel\/wp-json\/wp\/v2\/pages"}],"about":[{"href":"https:\/\/letraslibras.ufpr.br\/nel\/wp-json\/wp\/v2\/types\/page"}],"author":[{"embeddable":true,"href":"https:\/\/letraslibras.ufpr.br\/nel\/wp-json\/wp\/v2\/users\/1"}],"replies":[{"embeddable":true,"href":"https:\/\/letraslibras.ufpr.br\/nel\/wp-json\/wp\/v2\/comments?post=6"}],"version-history":[{"count":5,"href":"https:\/\/letraslibras.ufpr.br\/nel\/wp-json\/wp\/v2\/pages\/6\/revisions"}],"predecessor-version":[{"id":2616,"href":"https:\/\/letraslibras.ufpr.br\/nel\/wp-json\/wp\/v2\/pages\/6\/revisions\/2616"}],"wp:attachment":[{"href":"https:\/\/letraslibras.ufpr.br\/nel\/wp-json\/wp\/v2\/media?parent=6"}],"curies":[{"name":"wp","href":"https:\/\/api.w.org\/{rel}","templated":true}]}}