{"id":4,"date":"2017-01-31T17:07:45","date_gmt":"2017-01-31T19:07:45","guid":{"rendered":"https:\/\/letraslibras.ufpr.br\/nel\/?page_id=4"},"modified":"2020-11-07T21:36:21","modified_gmt":"2020-11-08T00:36:21","slug":"home","status":"publish","type":"page","link":"https:\/\/letraslibras.ufpr.br\/nel\/","title":{"rendered":"Home"},"content":{"rendered":"<p><strong>O NEL &#8211; N\u00facleo de Ensino de Libras. <\/strong><\/p>\n<p>O NEL\u00a0\u00a0\u00e9 um espa\u00e7o lingu\u00edstico e cultural, sem fins lucrativos, sem vincula\u00e7\u00e3o pol\u00edtica, ideol\u00f3gica ou religiosa, est\u00e1 vinculado ao Curso de Licenciatura em Letras Libras e atua desde 2016 com atividades de <em>extens\u00e3o relacionadas\u00a0a<\/em>o <em>ensino de Libras<\/em> \u2013 L\u00edngua Brasileira de Sinais. Tal n\u00facleo atende o artigo 2\u00ba da Lei 10.436\/2002 no que diz respeito ao apoio ao uso e difus\u00e3o da Libras: <em>\u201cArt. 2<u><sup>o<\/sup><\/u>\u00a0Deve ser garantido, por parte do poder p\u00fablico em geral e empresas concession\u00e1rias de servi\u00e7os p\u00fablicos, formas institucionalizadas de apoiar o uso e difus\u00e3o da L\u00edngua Brasileira de Sinais &#8211; Libras como meio de comunica\u00e7\u00e3o objetiva e de utiliza\u00e7\u00e3o corrente das comunidades surdas do Brasil\u201d <\/em>\u00a0e tamb\u00e9m vai ao encontro das recomenda\u00e7\u00f5es do artigo 14, do cap\u00edtulo IV do decreto 5626\/2005 que trata sobre obriga\u00e7\u00f5es das institui\u00e7\u00f5es federais quanto a promo\u00e7\u00e3o de curso (para uso da Libras), apoio ao uso e a difus\u00e3o de Libras entre professores, alunos, funcion\u00e1rios, familiares.<\/p>\n<p><iframe loading=\"lazy\" width=\"840\" height=\"473\" src=\"https:\/\/www.youtube.com\/embed\/FbFPYglbDfI?feature=oembed\" frameborder=\"0\" allow=\"accelerometer; autoplay; clipboard-write; encrypted-media; gyroscope; picture-in-picture\" allowfullscreen><\/iframe><\/p>\n<hr \/>\n","protected":false},"excerpt":{"rendered":"<p>O NEL &#8211; N\u00facleo de Ensino de Libras. O NEL\u00a0\u00a0\u00e9 um espa\u00e7o lingu\u00edstico e cultural, sem fins lucrativos, sem vincula\u00e7\u00e3o pol\u00edtica, ideol\u00f3gica ou religiosa, est\u00e1 vinculado ao Curso de Licenciatura em Letras Libras e atua desde 2016 com atividades de extens\u00e3o relacionadas\u00a0ao ensino de Libras \u2013 L\u00edngua Brasileira de Sinais. Tal n\u00facleo atende o artigo &hellip; <a href=\"https:\/\/letraslibras.ufpr.br\/nel\/\" class=\"more-link\">Continue lendo<span class=\"screen-reader-text\"> &#8220;Home&#8221;<\/span><\/a><\/p>\n","protected":false},"author":1,"featured_media":0,"parent":0,"menu_order":0,"comment_status":"closed","ping_status":"closed","template":"","meta":{"footnotes":""},"class_list":["post-4","page","type-page","status-publish","hentry"],"_links":{"self":[{"href":"https:\/\/letraslibras.ufpr.br\/nel\/wp-json\/wp\/v2\/pages\/4","targetHints":{"allow":["GET"]}}],"collection":[{"href":"https:\/\/letraslibras.ufpr.br\/nel\/wp-json\/wp\/v2\/pages"}],"about":[{"href":"https:\/\/letraslibras.ufpr.br\/nel\/wp-json\/wp\/v2\/types\/page"}],"author":[{"embeddable":true,"href":"https:\/\/letraslibras.ufpr.br\/nel\/wp-json\/wp\/v2\/users\/1"}],"replies":[{"embeddable":true,"href":"https:\/\/letraslibras.ufpr.br\/nel\/wp-json\/wp\/v2\/comments?post=4"}],"version-history":[{"count":16,"href":"https:\/\/letraslibras.ufpr.br\/nel\/wp-json\/wp\/v2\/pages\/4\/revisions"}],"predecessor-version":[{"id":2615,"href":"https:\/\/letraslibras.ufpr.br\/nel\/wp-json\/wp\/v2\/pages\/4\/revisions\/2615"}],"wp:attachment":[{"href":"https:\/\/letraslibras.ufpr.br\/nel\/wp-json\/wp\/v2\/media?parent=4"}],"curies":[{"name":"wp","href":"https:\/\/api.w.org\/{rel}","templated":true}]}}