{"id":2771,"date":"2025-02-11T14:09:08","date_gmt":"2025-02-11T17:09:08","guid":{"rendered":"https:\/\/letraslibras.ufpr.br\/nel\/?page_id=2771"},"modified":"2025-07-03T13:42:09","modified_gmt":"2025-07-03T16:42:09","slug":"curso-2025","status":"publish","type":"page","link":"https:\/\/letraslibras.ufpr.br\/nel\/curso-2025\/","title":{"rendered":"Curso 2025"},"content":{"rendered":"\n<p><a href=\"https:\/\/letraslibras.ufpr.br\/nel\/wp-content\/uploads\/sites\/4\/2025\/07\/SEI_7917235_Edital_10.pdf\">EDITAL DE RESULTADO \u2013 BOLSA DE INICIA\u00c7\u00c3O CIENT\u00cdFICA (PIBIC)<\/a><\/p>\n\n\n\n<p><a href=\"https:\/\/letraslibras.ufpr.br\/nel\/wp-content\/uploads\/sites\/4\/2025\/06\/SEI_7891600_Edital_09.pdf\">EDITAL DE SELE\u00c7\u00c3O \u2013 BOLSA DE INICIA\u00c7\u00c3O CIENT\u00cdFICA (PIBIC)<\/a><\/p>\n\n\n\n<p><a href=\"https:\/\/letraslibras.ufpr.br\/nel\/wp-content\/uploads\/sites\/4\/2025\/05\/SEI_7766978_Edital_00.pdf\">RETIFICA\u00c7\u00c3O DO EDITAL N\u00ba 02\/2025 &#8211; NEL\/UFPR &#8211; CURSO DE L\u00cdNGUA BRASILEIRA DE SINAIS (LIBRAS) MODALIDADE DE EXTENS\u00c3O UNIVERSIT\u00c1RIA \u2013 N\u00cdVEL INTERMEDI\u00c1RIO<\/a><\/p>\n\n\n\n<p><a href=\"https:\/\/letraslibras.ufpr.br\/nel\/wp-content\/uploads\/sites\/4\/2025\/03\/SEI_7587755_Edital_04.pdf\">EDITAL N\u00ba 04\/2025 &#8211; NEL\/UFPR &#8211; CURSO DE L\u00cdNGUA BRASILEIRA DE SINAIS (LIBRAS) &#8211; N\u00cdVEL B\u00c1SICO -RESULTADO DO PROCESSO DE SELE\u00c7\u00c3O &#8211; TURMA DE SEGUNDA-FEIRA<\/a><\/p>\n\n\n\n<p><a href=\"https:\/\/letraslibras.ufpr.br\/nel\/wp-content\/uploads\/sites\/4\/2025\/02\/SEI_7521069_Edital_03_correto.pdf\">EDITAL N\u00ba 03\/2025 &#8211; NEL\/UFPR &#8211; CURSO DE L\u00cdNGUA BRASILEIRA DE SINAIS (LIBRAS) MODALIDADE DE EXTENS\u00c3O UNIVERSIT\u00c1RIA<\/a><\/p>\n\n\n\n<p><\/p>\n\n\n\n<p><a href=\"https:\/\/letraslibras.ufpr.br\/nel\/wp-content\/uploads\/sites\/4\/2025\/02\/SEI_7502389_Edital_02.pdf\">EDITAL N\u00ba 02\/2025 &#8211; NEL\/UFPR &#8211; CURSO DE L\u00cdNGUA BRASILEIRA DE SINAIS (LIBRAS) MODALIDADE DE EXTENS\u00c3O UNIVERSIT\u00c1RIA<\/a><\/p>\n\n\n\n<p><\/p>\n\n\n\n<p><a href=\"https:\/\/letraslibras.ufpr.br\/nel\/wp-content\/uploads\/sites\/4\/2025\/02\/SEI_7482300_Edital_01_2025.pdf\">EDITAL N\u00ba 01\/2025 &#8211; NEL\/UFPR &#8211; CURSO DE L\u00cdNGUA BRASILEIRA DE SINAIS (LIBRAS) MODALIDADE DE EXTENS\u00c3O UNIVERSIT\u00c1RIA<\/a><\/p>\n","protected":false},"excerpt":{"rendered":"<p>EDITAL DE RESULTADO \u2013 BOLSA DE INICIA\u00c7\u00c3O CIENT\u00cdFICA (PIBIC) EDITAL DE SELE\u00c7\u00c3O \u2013 BOLSA DE INICIA\u00c7\u00c3O CIENT\u00cdFICA (PIBIC) RETIFICA\u00c7\u00c3O DO EDITAL N\u00ba 02\/2025 &#8211; NEL\/UFPR &#8211; CURSO DE L\u00cdNGUA BRASILEIRA DE SINAIS (LIBRAS) MODALIDADE DE EXTENS\u00c3O UNIVERSIT\u00c1RIA \u2013 N\u00cdVEL INTERMEDI\u00c1RIO EDITAL N\u00ba 04\/2025 &#8211; NEL\/UFPR &#8211; CURSO DE L\u00cdNGUA BRASILEIRA DE SINAIS (LIBRAS) &#8211; N\u00cdVEL &hellip; <a href=\"https:\/\/letraslibras.ufpr.br\/nel\/curso-2025\/\" class=\"more-link\">Continue lendo<span class=\"screen-reader-text\"> &#8220;Curso 2025&#8221;<\/span><\/a><\/p>\n","protected":false},"author":1,"featured_media":0,"parent":0,"menu_order":0,"comment_status":"closed","ping_status":"closed","template":"","meta":{"footnotes":""},"class_list":["post-2771","page","type-page","status-publish","hentry"],"_links":{"self":[{"href":"https:\/\/letraslibras.ufpr.br\/nel\/wp-json\/wp\/v2\/pages\/2771","targetHints":{"allow":["GET"]}}],"collection":[{"href":"https:\/\/letraslibras.ufpr.br\/nel\/wp-json\/wp\/v2\/pages"}],"about":[{"href":"https:\/\/letraslibras.ufpr.br\/nel\/wp-json\/wp\/v2\/types\/page"}],"author":[{"embeddable":true,"href":"https:\/\/letraslibras.ufpr.br\/nel\/wp-json\/wp\/v2\/users\/1"}],"replies":[{"embeddable":true,"href":"https:\/\/letraslibras.ufpr.br\/nel\/wp-json\/wp\/v2\/comments?post=2771"}],"version-history":[{"count":14,"href":"https:\/\/letraslibras.ufpr.br\/nel\/wp-json\/wp\/v2\/pages\/2771\/revisions"}],"predecessor-version":[{"id":2805,"href":"https:\/\/letraslibras.ufpr.br\/nel\/wp-json\/wp\/v2\/pages\/2771\/revisions\/2805"}],"wp:attachment":[{"href":"https:\/\/letraslibras.ufpr.br\/nel\/wp-json\/wp\/v2\/media?parent=2771"}],"curies":[{"name":"wp","href":"https:\/\/api.w.org\/{rel}","templated":true}]}}