{"id":2765,"date":"2024-10-23T11:20:06","date_gmt":"2024-10-23T14:20:06","guid":{"rendered":"https:\/\/letraslibras.ufpr.br\/nel\/?page_id=2765"},"modified":"2025-05-08T12:13:44","modified_gmt":"2025-05-08T15:13:44","slug":"materiais","status":"publish","type":"page","link":"https:\/\/letraslibras.ufpr.br\/nel\/materiais\/","title":{"rendered":"Materiais"},"content":{"rendered":"\n<p><a href=\"https:\/\/drive.google.com\/file\/d\/10_Jwzn2xzWqK0jGwREyL5IGVUcW5S2RG\/view\" target=\"_blank\" rel=\"noreferrer noopener\">INCLUS\u00c3O<br>DE ESTUDANTES<br>SURD@S NO ENSINO<br>SUPERIOR<br>Guia Pr\u00e1tico de Orienta\u00e7\u00f5es para Docentes da UFPR<\/a><\/p>\n\n\n\n<hr class=\"wp-block-separator has-css-opacity\"\/>\n\n\n\n<p><a href=\"https:\/\/drive.google.com\/file\/d\/1fMlZDEHd7uuhBnX4-bitMKfDGplk5XmO\/view\" target=\"_blank\" rel=\"noreferrer noopener\">Planejamento para a<br>disciplina de Libras<br>na gradua\u00e7\u00e3o<\/a><\/p>\n","protected":false},"excerpt":{"rendered":"<p>INCLUS\u00c3ODE ESTUDANTESSURD@S NO ENSINOSUPERIORGuia Pr\u00e1tico de Orienta\u00e7\u00f5es para Docentes da UFPR Planejamento para adisciplina de Librasna gradua\u00e7\u00e3o<\/p>\n","protected":false},"author":1,"featured_media":0,"parent":0,"menu_order":0,"comment_status":"closed","ping_status":"closed","template":"","meta":{"footnotes":""},"class_list":["post-2765","page","type-page","status-publish","hentry"],"_links":{"self":[{"href":"https:\/\/letraslibras.ufpr.br\/nel\/wp-json\/wp\/v2\/pages\/2765","targetHints":{"allow":["GET"]}}],"collection":[{"href":"https:\/\/letraslibras.ufpr.br\/nel\/wp-json\/wp\/v2\/pages"}],"about":[{"href":"https:\/\/letraslibras.ufpr.br\/nel\/wp-json\/wp\/v2\/types\/page"}],"author":[{"embeddable":true,"href":"https:\/\/letraslibras.ufpr.br\/nel\/wp-json\/wp\/v2\/users\/1"}],"replies":[{"embeddable":true,"href":"https:\/\/letraslibras.ufpr.br\/nel\/wp-json\/wp\/v2\/comments?post=2765"}],"version-history":[{"count":2,"href":"https:\/\/letraslibras.ufpr.br\/nel\/wp-json\/wp\/v2\/pages\/2765\/revisions"}],"predecessor-version":[{"id":2793,"href":"https:\/\/letraslibras.ufpr.br\/nel\/wp-json\/wp\/v2\/pages\/2765\/revisions\/2793"}],"wp:attachment":[{"href":"https:\/\/letraslibras.ufpr.br\/nel\/wp-json\/wp\/v2\/media?parent=2765"}],"curies":[{"name":"wp","href":"https:\/\/api.w.org\/{rel}","templated":true}]}}