{"id":2761,"date":"2024-09-10T16:26:23","date_gmt":"2024-09-10T19:26:23","guid":{"rendered":"https:\/\/letraslibras.ufpr.br\/nel\/?page_id=2761"},"modified":"2024-09-10T16:27:07","modified_gmt":"2024-09-10T19:27:07","slug":"interpretes","status":"publish","type":"page","link":"https:\/\/letraslibras.ufpr.br\/nel\/interpretes\/","title":{"rendered":"Int\u00e9rpretes"},"content":{"rendered":"\n<p class=\"has-vivid-cyan-blue-color has-text-color\"><a href=\"https:\/\/letraslibras.ufpr.br\/nel\/wp-content\/uploads\/sites\/4\/2024\/09\/EDITAL-TILS.pdf\" target=\"_blank\" rel=\"noreferrer noopener\">Clique aqui para ver o edital do CURSO DE EXTENS\u00c3O UNIVERSIT\u00c1RIA &#8211; MODALIDADE PRESENCIAL FORMA\u00c7\u00c3O PARA INT\u00c9RPRETES<\/a><\/p>\n","protected":false},"excerpt":{"rendered":"<p>Clique aqui para ver o edital do CURSO DE EXTENS\u00c3O UNIVERSIT\u00c1RIA &#8211; MODALIDADE PRESENCIAL FORMA\u00c7\u00c3O PARA INT\u00c9RPRETES<\/p>\n","protected":false},"author":1,"featured_media":0,"parent":0,"menu_order":0,"comment_status":"closed","ping_status":"closed","template":"","meta":{"footnotes":""},"class_list":["post-2761","page","type-page","status-publish","hentry"],"_links":{"self":[{"href":"https:\/\/letraslibras.ufpr.br\/nel\/wp-json\/wp\/v2\/pages\/2761","targetHints":{"allow":["GET"]}}],"collection":[{"href":"https:\/\/letraslibras.ufpr.br\/nel\/wp-json\/wp\/v2\/pages"}],"about":[{"href":"https:\/\/letraslibras.ufpr.br\/nel\/wp-json\/wp\/v2\/types\/page"}],"author":[{"embeddable":true,"href":"https:\/\/letraslibras.ufpr.br\/nel\/wp-json\/wp\/v2\/users\/1"}],"replies":[{"embeddable":true,"href":"https:\/\/letraslibras.ufpr.br\/nel\/wp-json\/wp\/v2\/comments?post=2761"}],"version-history":[{"count":2,"href":"https:\/\/letraslibras.ufpr.br\/nel\/wp-json\/wp\/v2\/pages\/2761\/revisions"}],"predecessor-version":[{"id":2763,"href":"https:\/\/letraslibras.ufpr.br\/nel\/wp-json\/wp\/v2\/pages\/2761\/revisions\/2763"}],"wp:attachment":[{"href":"https:\/\/letraslibras.ufpr.br\/nel\/wp-json\/wp\/v2\/media?parent=2761"}],"curies":[{"name":"wp","href":"https:\/\/api.w.org\/{rel}","templated":true}]}}