{"id":2714,"date":"2024-01-23T16:28:44","date_gmt":"2024-01-23T19:28:44","guid":{"rendered":"https:\/\/letraslibras.ufpr.br\/nel\/?page_id=2714"},"modified":"2024-07-29T14:06:08","modified_gmt":"2024-07-29T17:06:08","slug":"curso-2024","status":"publish","type":"page","link":"https:\/\/letraslibras.ufpr.br\/nel\/curso-2024\/","title":{"rendered":"Curso 2024"},"content":{"rendered":"\n<p>E<a href=\"https:\/\/letraslibras.ufpr.br\/nel\/wp-content\/uploads\/sites\/4\/2024\/07\/SEI_6834364_SPIn_Parcerias__Edital_selecao_aluno-1.pdf\">DITAL N. 18\/2024 &#8211; EDITAL PARA SELE\u00c7\u00c3O INTERNA DE ESTUDANTES<\/a><\/p>\n\n\n\n<p><a href=\"https:\/\/letraslibras.ufpr.br\/nel\/wp-content\/uploads\/sites\/4\/2024\/03\/SEI_6522879_Edital_13.pdf\">EDITAL N\u00ba 13\/2024 &#8211; NEL\/UFPR &#8211; RESULTADO DO PROCESSO DE SELE\u00c7\u00c3O PARA COMUNIDADE GERAL &#8211; TURMA TER\u00c7A-FEIRA<\/a><\/p>\n\n\n\n<p><a href=\"https:\/\/letraslibras.ufpr.br\/nel\/wp-content\/uploads\/sites\/4\/2024\/03\/SEI_6518322_Edital_12.pdf\">EDITAL N\u00ba 12\/2024 &#8211; NEL\/UFPR &#8211; RESULTADO DO PROCESSO DE SELE\u00c7\u00c3O PARA COMUNIDADE GERAL &#8211; TURMA SEGUNDA-FEIRA<\/a><\/p>\n\n\n\n<p><\/p>\n\n\n\n<p><a href=\"https:\/\/letraslibras.ufpr.br\/nel\/wp-content\/uploads\/sites\/4\/2024\/03\/Edital_11.pdf\">EDITAL N\u00ba 11\/2024 &#8211; NEL\/UFPR &#8211; CURSO DE L\u00cdNGUA BRASILEIRA DE SINAIS (LIBRAS) PARA COMUNIDADE GERAL &#8211; TURMA TER\u00c7A-FEIRA<\/a><\/p>\n\n\n\n<p><a href=\"https:\/\/letraslibras.ufpr.br\/nel\/wp-content\/uploads\/sites\/4\/2024\/03\/Edital_10.pdf\">EDITAL N\u00ba 10\/2024 &#8211; NEL\/UFPR &#8211; CURSO DE L\u00cdNGUA BRASILEIRA DE SINAIS (LIBRAS) PARA COMUNIDADE GERAL &#8211; TURMA SEGUNDA-FEIRA<\/a><\/p>\n\n\n\n<p><a href=\"https:\/\/letraslibras.ufpr.br\/nel\/wp-content\/uploads\/sites\/4\/2024\/03\/Edital-8.pdf\">EDITAL N\u00ba 08\/2024 &#8211; NEL\/UFPR &#8211; RESULTADO DO PROCESSO DE SELE\u00c7\u00c3O PARA COMUNIDADE GERAL (80 VAGAS)<\/a><\/p>\n\n\n\n<p><a href=\"https:\/\/letraslibras.ufpr.br\/nel\/wp-content\/uploads\/sites\/4\/2024\/03\/Edital-07.pdf\">EDITAL N\u00ba 07\/2024 &#8211; NEL\/UFPR &#8211; RESULTADO DO PROCESSO DE SELE\u00c7\u00c3O PARA FAMILIARES DE PESSOAS SURDAS (40 VAGAS)<\/a><\/p>\n\n\n\n<p><a href=\"https:\/\/letraslibras.ufpr.br\/nel\/wp-content\/uploads\/sites\/4\/2024\/03\/Edital-06.pdf\">EDITAL N\u00ba 06\/2024 &#8211; NEL\/UFPR &#8211; RESULTADO DO PROCESSO DE SELE\u00c7\u00c3O PARA PROFESSORES (40 VAGAS)<\/a><\/p>\n\n\n\n<p><a href=\"https:\/\/letraslibras.ufpr.br\/nel\/wp-content\/uploads\/sites\/4\/2024\/03\/Edital-05.pdf\">EDITAL N\u00ba 05\/2024 &#8211; NEL\/UFPR &#8211; RESULTADO DO PROCESSO DE SELE\u00c7\u00c3O PARA ESTUDANTES DA UNIVERSIDADE FEDERAL DO PARAN\u00c1 UFPR (40 VAGAS)<\/a><\/p>\n\n\n\n<hr class=\"wp-block-separator\"\/>\n\n\n\n<p><a href=\"https:\/\/letraslibras.ufpr.br\/nel\/wp-content\/uploads\/sites\/4\/2024\/01\/Edital-01-Basico_Estudantes_UFPR.pdf\">EDITAL N\u00ba 01\/2024 &#8211; NEL\/UFPR \u2013 N\u00cdVEL B\u00c1SICO para estudantes da Universidade Federal do Paran\u00e1 <\/a><\/p>\n\n\n\n<p><a href=\"https:\/\/letraslibras.ufpr.br\/nel\/wp-content\/uploads\/sites\/4\/2024\/01\/Edital-02-Basico_Professores.pdf\">EDITAL N\u00ba 02\/2024 &#8211; NEL\/UFPR &#8211; N\u00cdVEL B\u00c1SICO para professores\/as da rede p\u00fablica municipal, estadual ou federal de ensino<\/a> <\/p>\n\n\n\n<p><a href=\"https:\/\/letraslibras.ufpr.br\/nel\/wp-content\/uploads\/sites\/4\/2024\/01\/Edital-03-Basico_Familiares.pdf\">EDITAL N\u00ba 03\/2024 &#8211; NEL\/UFPR &#8211; N\u00cdVEL B\u00c1SICO para familiares de pessoas surdas<\/a><\/p>\n\n\n\n<p><a href=\"https:\/\/letraslibras.ufpr.br\/nel\/wp-content\/uploads\/sites\/4\/2024\/01\/Edital-04-Basico_Comunidade.pdf\">EDITAL N\u00ba 04\/2024 &#8211; NEL\/UFPR &#8211; N\u00cdVEL B\u00c1SICO para comunidade geral<\/a><\/p>\n\n\n\n<p><a href=\"https:\/\/letraslibras.ufpr.br\/nel\/wp-content\/uploads\/sites\/4\/2024\/01\/Edital-09-Avancado.pdf\">EDITAL N\u00ba 09\/2024 &#8211; NEL\/UFPR &#8211; N\u00cdVEL AVAN\u00c7ADO na modalidade de extens\u00e3o universit\u00e1ria <\/a><\/p>\n\n\n\n<p><\/p>\n","protected":false},"excerpt":{"rendered":"<p>EDITAL N. 18\/2024 &#8211; EDITAL PARA SELE\u00c7\u00c3O INTERNA DE ESTUDANTES EDITAL N\u00ba 13\/2024 &#8211; NEL\/UFPR &#8211; RESULTADO DO PROCESSO DE SELE\u00c7\u00c3O PARA COMUNIDADE GERAL &#8211; TURMA TER\u00c7A-FEIRA EDITAL N\u00ba 12\/2024 &#8211; NEL\/UFPR &#8211; RESULTADO DO PROCESSO DE SELE\u00c7\u00c3O PARA COMUNIDADE GERAL &#8211; TURMA SEGUNDA-FEIRA EDITAL N\u00ba 11\/2024 &#8211; NEL\/UFPR &#8211; CURSO DE L\u00cdNGUA BRASILEIRA DE &hellip; <a href=\"https:\/\/letraslibras.ufpr.br\/nel\/curso-2024\/\" class=\"more-link\">Continue lendo<span class=\"screen-reader-text\"> &#8220;Curso 2024&#8221;<\/span><\/a><\/p>\n","protected":false},"author":1,"featured_media":0,"parent":0,"menu_order":0,"comment_status":"closed","ping_status":"closed","template":"","meta":{"footnotes":""},"class_list":["post-2714","page","type-page","status-publish","hentry"],"_links":{"self":[{"href":"https:\/\/letraslibras.ufpr.br\/nel\/wp-json\/wp\/v2\/pages\/2714","targetHints":{"allow":["GET"]}}],"collection":[{"href":"https:\/\/letraslibras.ufpr.br\/nel\/wp-json\/wp\/v2\/pages"}],"about":[{"href":"https:\/\/letraslibras.ufpr.br\/nel\/wp-json\/wp\/v2\/types\/page"}],"author":[{"embeddable":true,"href":"https:\/\/letraslibras.ufpr.br\/nel\/wp-json\/wp\/v2\/users\/1"}],"replies":[{"embeddable":true,"href":"https:\/\/letraslibras.ufpr.br\/nel\/wp-json\/wp\/v2\/comments?post=2714"}],"version-history":[{"count":19,"href":"https:\/\/letraslibras.ufpr.br\/nel\/wp-json\/wp\/v2\/pages\/2714\/revisions"}],"predecessor-version":[{"id":2757,"href":"https:\/\/letraslibras.ufpr.br\/nel\/wp-json\/wp\/v2\/pages\/2714\/revisions\/2757"}],"wp:attachment":[{"href":"https:\/\/letraslibras.ufpr.br\/nel\/wp-json\/wp\/v2\/media?parent=2714"}],"curies":[{"name":"wp","href":"https:\/\/api.w.org\/{rel}","templated":true}]}}