{"id":2526,"date":"2019-10-22T10:23:58","date_gmt":"2019-10-22T13:23:58","guid":{"rendered":"https:\/\/letraslibras.ufpr.br\/nel\/?page_id=2526"},"modified":"2021-06-28T15:35:27","modified_gmt":"2021-06-28T18:35:27","slug":"curso-2020","status":"publish","type":"page","link":"https:\/\/letraslibras.ufpr.br\/nel\/curso-2020\/","title":{"rendered":"Curso 2020"},"content":{"rendered":"<p><a href=\"https:\/\/letraslibras.ufpr.br\/nel\/wp-content\/uploads\/sites\/4\/2019\/10\/Edital-08-Avan\u00e7ado.pdf\">Sele\u00e7\u00e3o para Curso 2020 &#8211; N\u00edvel Avan\u00e7ado : Edital-08<\/a><\/p>\n<p><a href=\"https:\/\/letraslibras.ufpr.br\/nel\/wp-content\/uploads\/sites\/4\/2019\/10\/Edital-09-Intermedi\u00e1rio.pdf\">Sele\u00e7\u00e3o para Curso 2020 &#8211; N\u00edvel Intermedi\u00e1rio: Edital-09<\/a><\/p>\n<p><a href=\"https:\/\/letraslibras.ufpr.br\/nel\/wp-content\/uploads\/sites\/4\/2019\/10\/Edital-10-B\u00e1sico-2.pdf\">Sele\u00e7\u00e3o para Curso 2020 &#8211; N\u00edvel B\u00e1sico: Edital-10<\/a><\/p>\n<p><a href=\"https:\/\/letraslibras.ufpr.br\/nel\/wp-content\/uploads\/sites\/4\/2019\/10\/RESULTADO-DO-PROCESSO-DE-SELE\u00c7\u00c3O-PARA-INGRESSO-NO-CURSO-DE-LIBRAS-N\u00cdVEL-AVAN\u00c7ADO-2020.pdf\">Resultado-Sele\u00e7\u00e3o-para-Curso-2020 N\u00edvel-Avan\u00e7ado-Edital &#8211; 08<\/a><\/p>\n<p><a href=\"https:\/\/letraslibras.ufpr.br\/nel\/wp-content\/uploads\/sites\/4\/2019\/10\/Grupo-UFPR-B\u00e1sico.pdf\">Sorteio B\u00e1sico Edital -10 (grupo 1)\u00a0<\/a><\/p>\n<p><a href=\"https:\/\/letraslibras.ufpr.br\/nel\/wp-content\/uploads\/sites\/4\/2019\/10\/Grupo-2-professores-B\u00e1sico.pdf\">Sorteio B\u00e1sico Edital &#8211; 10 (grupo-2-professores)\u00a0<\/a><\/p>\n<p><a href=\"https:\/\/letraslibras.ufpr.br\/nel\/wp-content\/uploads\/sites\/4\/2019\/10\/Grupo-3-comunidade-B\u00e1sico.pdf\">Sorteio B\u00e1sico Edital &#8211; 10 (grupo-3-comunidade)<\/a><\/p>\n<p><a href=\"https:\/\/letraslibras.ufpr.br\/nel\/wp-content\/uploads\/sites\/4\/2019\/10\/resultado-sele\u00e7\u00e3o-intermedi\u00e1rio.pdf\">Resultado-Sele\u00e7\u00e3o-para-Curso-2020 N\u00edvel-Intermedi\u00e1rio &#8211; Edital 09<\/a><\/p>\n<p><a href=\"https:\/\/letraslibras.ufpr.br\/nel\/wp-content\/uploads\/sites\/4\/2019\/10\/EDITAL-N\u00ba-01-2020-CCLLLBS-Matr\u00edcula-B\u00e1sico.pdf\">Edital-01-2020-matr\u00edcula-B\u00e1sico<\/a><\/p>\n<p><a href=\"https:\/\/letraslibras.ufpr.br\/nel\/wp-content\/uploads\/sites\/4\/2019\/10\/Edital-N-02-.pdf\">Edital-02-2020 -matr\u00edcula-Intermedi\u00e1rio e Avan\u00e7ado<\/a><\/p>\n<p><a href=\"https:\/\/letraslibras.ufpr.br\/nel\/wp-content\/uploads\/sites\/4\/2019\/10\/CIRCULAR-01-2020.pdf\">Circular-01-2020<\/a><\/p>\n<p><a href=\"https:\/\/letraslibras.ufpr.br\/nel\/wp-content\/uploads\/sites\/4\/2019\/10\/CIRCULAR-02-2020.pdf\">Circular-02-2020<\/a><\/p>\n<p><a href=\"https:\/\/letraslibras.ufpr.br\/nel\/wp-content\/uploads\/sites\/4\/2019\/10\/Edital-de-sele\u00e7\u00e3o-de-bolsista1.pdf\">Edital-de-sele\u00e7\u00e3o-de-bolsista<\/a><\/p>\n<p><a href=\"https:\/\/letraslibras.ufpr.br\/nel\/wp-content\/uploads\/sites\/4\/2019\/10\/CIRCULAR-03.pdf\">Circular-03<\/a><\/p>\n<p><a href=\"https:\/\/letraslibras.ufpr.br\/nel\/wp-content\/uploads\/sites\/4\/2019\/10\/EDITAL-PARA-SELE\u00c7\u00c3O-DE-BOLSISTA-DE-INICIA\u00c7\u00c3O-CIENT\u00cdFICA-1.pdf\">edital-para-selecao-de-bolsista-de-iniciacao-cientifica<\/a><\/p>\n<p><a href=\"https:\/\/letraslibras.ufpr.br\/nel\/wp-content\/uploads\/sites\/4\/2019\/10\/ATA_DE_RESULTADO_DO_EDITAL_DE_BOLSISTA.pdf\">ata_de_resultado_do_edital_de_bolsista<\/a><\/p>\n<p><a href=\"https:\/\/letraslibras.ufpr.br\/nel\/wp-content\/uploads\/sites\/4\/2019\/10\/CIRCULAR-01-2021.pdf\">circular-01-2021<\/a><\/p>\n<p><a href=\"https:\/\/letraslibras.ufpr.br\/nel\/wp-content\/uploads\/sites\/4\/2019\/10\/Edital-assinado.pdf\">edital-Licenciar-<\/a><\/p>\n<p><a href=\"https:\/\/letraslibras.ufpr.br\/nel\/wp-content\/uploads\/sites\/4\/2019\/10\/NEL-CLASSIFICA\u00c7\u00c3O-E-APROVA\u00c7\u00c3O.pdf\">Edital classifica\u00e7\u00e3o e-aprova\u00e7\u00e3o<\/a><\/p>\n<p><a href=\"https:\/\/letraslibras.ufpr.br\/nel\/wp-content\/uploads\/sites\/4\/2019\/10\/Edital-de-sele\u00e7\u00e3o-de-bolsistas-1.pdf\">edital-de-selecao-de-bolsistas<\/a><\/p>\n<p><a href=\"https:\/\/letraslibras.ufpr.br\/nel\/wp-content\/uploads\/sites\/4\/2019\/10\/Edital-de-resultado.pdf\">Edital-de-resultado<\/a><\/p>\n","protected":false},"excerpt":{"rendered":"<p>Sele\u00e7\u00e3o para Curso 2020 &#8211; N\u00edvel Avan\u00e7ado : Edital-08 Sele\u00e7\u00e3o para Curso 2020 &#8211; N\u00edvel Intermedi\u00e1rio: Edital-09 Sele\u00e7\u00e3o para Curso 2020 &#8211; N\u00edvel B\u00e1sico: Edital-10 Resultado-Sele\u00e7\u00e3o-para-Curso-2020 N\u00edvel-Avan\u00e7ado-Edital &#8211; 08 Sorteio B\u00e1sico Edital -10 (grupo 1)\u00a0 Sorteio B\u00e1sico Edital &#8211; 10 (grupo-2-professores)\u00a0 Sorteio B\u00e1sico Edital &#8211; 10 (grupo-3-comunidade) Resultado-Sele\u00e7\u00e3o-para-Curso-2020 N\u00edvel-Intermedi\u00e1rio &#8211; Edital 09 Edital-01-2020-matr\u00edcula-B\u00e1sico Edital-02-2020 -matr\u00edcula-Intermedi\u00e1rio &hellip; <a href=\"https:\/\/letraslibras.ufpr.br\/nel\/curso-2020\/\" class=\"more-link\">Continue lendo<span class=\"screen-reader-text\"> &#8220;Curso 2020&#8221;<\/span><\/a><\/p>\n","protected":false},"author":1,"featured_media":0,"parent":0,"menu_order":0,"comment_status":"closed","ping_status":"closed","template":"","meta":{"footnotes":""},"class_list":["post-2526","page","type-page","status-publish","hentry"],"_links":{"self":[{"href":"https:\/\/letraslibras.ufpr.br\/nel\/wp-json\/wp\/v2\/pages\/2526","targetHints":{"allow":["GET"]}}],"collection":[{"href":"https:\/\/letraslibras.ufpr.br\/nel\/wp-json\/wp\/v2\/pages"}],"about":[{"href":"https:\/\/letraslibras.ufpr.br\/nel\/wp-json\/wp\/v2\/types\/page"}],"author":[{"embeddable":true,"href":"https:\/\/letraslibras.ufpr.br\/nel\/wp-json\/wp\/v2\/users\/1"}],"replies":[{"embeddable":true,"href":"https:\/\/letraslibras.ufpr.br\/nel\/wp-json\/wp\/v2\/comments?post=2526"}],"version-history":[{"count":28,"href":"https:\/\/letraslibras.ufpr.br\/nel\/wp-json\/wp\/v2\/pages\/2526\/revisions"}],"predecessor-version":[{"id":2686,"href":"https:\/\/letraslibras.ufpr.br\/nel\/wp-json\/wp\/v2\/pages\/2526\/revisions\/2686"}],"wp:attachment":[{"href":"https:\/\/letraslibras.ufpr.br\/nel\/wp-json\/wp\/v2\/media?parent=2526"}],"curies":[{"name":"wp","href":"https:\/\/api.w.org\/{rel}","templated":true}]}}