{"id":1738,"date":"2018-02-22T14:12:38","date_gmt":"2018-02-22T17:12:38","guid":{"rendered":"https:\/\/letraslibras.ufpr.br\/nel\/?page_id=1738"},"modified":"2021-06-05T17:19:54","modified_gmt":"2021-06-05T20:19:54","slug":"inscricao-libras-basico-2018","status":"publish","type":"page","link":"https:\/\/letraslibras.ufpr.br\/nel\/inscricao-libras-basico-2018\/","title":{"rendered":"Curso 2019"},"content":{"rendered":"<p><a href=\"https:\/\/letraslibras.ufpr.br\/nel\/wp-content\/uploads\/sites\/4\/2019\/02\/Edital-de-sele\u00e7\u00e3o-de-acad\u00eamico-extensionista.pdf\">edital-de-selecao-de-academico-extensionista<\/a><\/p>\n<p><a href=\"https:\/\/letraslibras.ufpr.br\/nel\/wp-content\/uploads\/sites\/4\/2019\/02\/Resultado-sele\u00e7\u00e3o-acad\u00eamico-extensionista.pdf\">resultado-selecao-academico-extensionista<\/a><\/p>\n<p><a href=\"https:\/\/letraslibras.ufpr.br\/nel\/wp-content\/uploads\/sites\/4\/2019\/02\/Edital-de-sele\u00e7\u00e3o-de-bolsista.pdf\">edital-de-selecao-de-bolsista<\/a><\/p>\n<p><a href=\"https:\/\/letraslibras.ufpr.br\/nel\/wp-content\/uploads\/sites\/4\/2018\/02\/Edital-de-SELE\u00c7\u00c3O-CURSO-2019.pdf\">edital-de-selecao-curso-2019<\/a><\/p>\n<p><a href=\"https:\/\/letraslibras.ufpr.br\/nel\/wp-content\/uploads\/sites\/4\/2018\/02\/Inscri\u00e7\u00f5es-deferidas-B\u00c1SICO.pdf\">inscricoes-deferidas-basico<\/a><\/p>\n<p><a href=\"https:\/\/letraslibras.ufpr.br\/nel\/wp-content\/uploads\/sites\/4\/2018\/02\/Inscri\u00e7\u00f5es-deferidas-INTERMEDI\u00c1RIO.pdf\">inscricoes-deferidas-intermediario<\/a><\/p>\n<p><a href=\"https:\/\/letraslibras.ufpr.br\/nel\/wp-content\/uploads\/sites\/4\/2018\/02\/Edital-de-MATR\u00cdCULA-2019.pdf\">edital-de-matricula-2019<\/a><\/p>\n<p><a href=\"https:\/\/letraslibras.ufpr.br\/nel\/wp-content\/uploads\/sites\/4\/2018\/02\/Avan\u00e7ado-Inscri\u00e7\u00e3o-Deferida.pdf\">avancado-inscricao-deferida<\/a><\/p>\n<p><a href=\"https:\/\/letraslibras.ufpr.br\/nel\/wp-content\/uploads\/sites\/4\/2018\/02\/EDITAL-4-2019-CCLLLBS-NEL-1.pdf\">edital-4-2019-cclllbs-nel<\/a><\/p>\n<p><a href=\"https:\/\/letraslibras.ufpr.br\/nel\/wp-content\/uploads\/sites\/4\/2018\/02\/N\u00fameros-sorteados-para-o-Edital-4.pdf\">numeros-sorteados-para-o-edital-4<\/a><\/p>\n<p><a href=\"https:\/\/letraslibras.ufpr.br\/nel\/wp-content\/uploads\/sites\/4\/2018\/02\/EDITAL-05-NOVA-SELE\u00c7\u00c3O-PARA-CURSO-DE-LIBRAS-N\u00edvel-B\u00e1sico.pdf\">edital-05-nova-selecao-para-curso-de-libras-nivel-basico<\/a><\/p>\n<p><a href=\"https:\/\/letraslibras.ufpr.br\/nel\/wp-content\/uploads\/sites\/4\/2018\/02\/Deferimentos-EDITAL-05.pdf\">deferimentos-edital-05<\/a><\/p>\n<p><a href=\"https:\/\/letraslibras.ufpr.br\/nel\/wp-content\/uploads\/sites\/4\/2018\/02\/ERRATA-DA-LISTA-DE-DEFERIMENTOS-E-INDEFERIMENTOS-DE-INSCRI\u00c7\u00d5ES-REFERENTES-AO-EDITAL-5.pdf\">errata-da-lista-de-deferimentos-e-indeferimentos-de-inscricoes-referentes-ao-edital-5<\/a><\/p>\n<p><a href=\"https:\/\/letraslibras.ufpr.br\/nel\/wp-content\/uploads\/sites\/4\/2018\/02\/Edital-06-resultado.pdf\">edital-06-resultado<\/a><\/p>\n<p><a href=\"https:\/\/letraslibras.ufpr.br\/nel\/wp-content\/uploads\/sites\/4\/2018\/02\/Edital-7.pdf\">edital-7<\/a><\/p>\n<p><a href=\"https:\/\/letraslibras.ufpr.br\/nel\/wp-content\/uploads\/sites\/4\/2018\/02\/sorteados_NEL_OFICINA.pdf\">sorteados_nel_oficina<\/a><\/p>\n<p><a href=\"https:\/\/letraslibras.ufpr.br\/nel\/wp-content\/uploads\/sites\/4\/2018\/02\/Calend\u00e1rio.pdf\">calendario<\/a><\/p>\n<p><a href=\"https:\/\/letraslibras.ufpr.br\/nel\/wp-content\/uploads\/sites\/4\/2018\/02\/Circular-02.pdf\">circular-02<\/a><\/p>\n<p><img loading=\"lazy\" decoding=\"async\" class=\"alignnone size-medium wp-image-2500\" src=\"https:\/\/letraslibras.ufpr.br\/nel\/wp-content\/uploads\/sites\/4\/2018\/02\/Profes-300x146.jpg\" alt=\"profes\" width=\"300\" height=\"146\" srcset=\"https:\/\/letraslibras.ufpr.br\/nel\/wp-content\/uploads\/sites\/4\/2018\/02\/Profes-300x146.jpg 300w, https:\/\/letraslibras.ufpr.br\/nel\/wp-content\/uploads\/sites\/4\/2018\/02\/Profes-768x373.jpg 768w, https:\/\/letraslibras.ufpr.br\/nel\/wp-content\/uploads\/sites\/4\/2018\/02\/Profes-1024x498.jpg 1024w, https:\/\/letraslibras.ufpr.br\/nel\/wp-content\/uploads\/sites\/4\/2018\/02\/Profes-1200x583.jpg 1200w, https:\/\/letraslibras.ufpr.br\/nel\/wp-content\/uploads\/sites\/4\/2018\/02\/Profes.jpg 1280w\" sizes=\"auto, (max-width: 300px) 85vw, 300px\" \/>Equipe 2019<\/p>\n<p><img loading=\"lazy\" decoding=\"async\" class=\"alignnone size-medium wp-image-2501\" src=\"https:\/\/letraslibras.ufpr.br\/nel\/wp-content\/uploads\/sites\/4\/2018\/02\/alunos-300x179.jpg\" alt=\"alunos\" width=\"300\" height=\"179\" srcset=\"https:\/\/letraslibras.ufpr.br\/nel\/wp-content\/uploads\/sites\/4\/2018\/02\/alunos-300x179.jpg 300w, https:\/\/letraslibras.ufpr.br\/nel\/wp-content\/uploads\/sites\/4\/2018\/02\/alunos-768x459.jpg 768w, https:\/\/letraslibras.ufpr.br\/nel\/wp-content\/uploads\/sites\/4\/2018\/02\/alunos-1024x612.jpg 1024w, https:\/\/letraslibras.ufpr.br\/nel\/wp-content\/uploads\/sites\/4\/2018\/02\/alunos-1200x717.jpg 1200w, https:\/\/letraslibras.ufpr.br\/nel\/wp-content\/uploads\/sites\/4\/2018\/02\/alunos.jpg 1280w\" sizes=\"auto, (max-width: 300px) 85vw, 300px\" \/>Alunos 2019<\/p>\n<p><img loading=\"lazy\" decoding=\"async\" class=\"alignnone size-medium wp-image-2566\" src=\"https:\/\/letraslibras.ufpr.br\/nel\/wp-content\/uploads\/sites\/4\/2018\/02\/Certificado-300x169.png\" alt=\"certificado\" width=\"300\" height=\"169\" srcset=\"https:\/\/letraslibras.ufpr.br\/nel\/wp-content\/uploads\/sites\/4\/2018\/02\/Certificado-300x169.png 300w, https:\/\/letraslibras.ufpr.br\/nel\/wp-content\/uploads\/sites\/4\/2018\/02\/Certificado-768x432.png 768w, https:\/\/letraslibras.ufpr.br\/nel\/wp-content\/uploads\/sites\/4\/2018\/02\/Certificado-1024x576.png 1024w, https:\/\/letraslibras.ufpr.br\/nel\/wp-content\/uploads\/sites\/4\/2018\/02\/Certificado-1200x675.png 1200w, https:\/\/letraslibras.ufpr.br\/nel\/wp-content\/uploads\/sites\/4\/2018\/02\/Certificado.png 1366w\" sizes=\"auto, (max-width: 300px) 85vw, 300px\" \/>https:\/\/intranet.ufpr.br\/sigeu\/public\/certificado!execute<\/p>\n<p><a href=\"https:\/\/letraslibras.ufpr.br\/nel\/wp-content\/uploads\/sites\/4\/2018\/02\/licao_6_conhecendo_curitiba-1.pdf\">licao_6_conhecendo_curitiba<\/a><\/p>\n<p><a href=\"https:\/\/letraslibras.ufpr.br\/nel\/wp-content\/uploads\/sites\/4\/2018\/02\/licao_7_estados_brasileiros.pdf\">licao_7_estados_brasileiros<\/a><\/p>\n<p><a href=\"https:\/\/letraslibras.ufpr.br\/nel\/wp-content\/uploads\/sites\/4\/2018\/02\/licao_8_profissoes.pdf\">licao_8_profissoes<\/a><\/p>\n<p><a href=\"https:\/\/letraslibras.ufpr.br\/nel\/wp-content\/uploads\/sites\/4\/2018\/02\/licao_9_saude.pdf\">licao_9_saude<\/a><\/p>\n<p>&nbsp;<\/p>\n<p>&nbsp;<\/p>\n","protected":false},"excerpt":{"rendered":"<p>edital-de-selecao-de-academico-extensionista resultado-selecao-academico-extensionista edital-de-selecao-de-bolsista edital-de-selecao-curso-2019 inscricoes-deferidas-basico inscricoes-deferidas-intermediario edital-de-matricula-2019 avancado-inscricao-deferida edital-4-2019-cclllbs-nel numeros-sorteados-para-o-edital-4 edital-05-nova-selecao-para-curso-de-libras-nivel-basico deferimentos-edital-05 errata-da-lista-de-deferimentos-e-indeferimentos-de-inscricoes-referentes-ao-edital-5 edital-06-resultado edital-7 sorteados_nel_oficina calendario circular-02 Equipe 2019 Alunos 2019 https:\/\/intranet.ufpr.br\/sigeu\/public\/certificado!execute licao_6_conhecendo_curitiba licao_7_estados_brasileiros licao_8_profissoes licao_9_saude &nbsp; &nbsp;<\/p>\n","protected":false},"author":1,"featured_media":0,"parent":0,"menu_order":0,"comment_status":"closed","ping_status":"closed","template":"","meta":{"footnotes":""},"class_list":["post-1738","page","type-page","status-publish","hentry"],"_links":{"self":[{"href":"https:\/\/letraslibras.ufpr.br\/nel\/wp-json\/wp\/v2\/pages\/1738","targetHints":{"allow":["GET"]}}],"collection":[{"href":"https:\/\/letraslibras.ufpr.br\/nel\/wp-json\/wp\/v2\/pages"}],"about":[{"href":"https:\/\/letraslibras.ufpr.br\/nel\/wp-json\/wp\/v2\/types\/page"}],"author":[{"embeddable":true,"href":"https:\/\/letraslibras.ufpr.br\/nel\/wp-json\/wp\/v2\/users\/1"}],"replies":[{"embeddable":true,"href":"https:\/\/letraslibras.ufpr.br\/nel\/wp-json\/wp\/v2\/comments?post=1738"}],"version-history":[{"count":34,"href":"https:\/\/letraslibras.ufpr.br\/nel\/wp-json\/wp\/v2\/pages\/1738\/revisions"}],"predecessor-version":[{"id":2679,"href":"https:\/\/letraslibras.ufpr.br\/nel\/wp-json\/wp\/v2\/pages\/1738\/revisions\/2679"}],"wp:attachment":[{"href":"https:\/\/letraslibras.ufpr.br\/nel\/wp-json\/wp\/v2\/media?parent=1738"}],"curies":[{"name":"wp","href":"https:\/\/api.w.org\/{rel}","templated":true}]}}