{"id":966,"date":"2026-03-23T10:20:29","date_gmt":"2026-03-23T13:20:29","guid":{"rendered":"https:\/\/letraslibras.ufpr.br\/ccs\/?page_id=966"},"modified":"2026-05-03T00:41:34","modified_gmt":"2026-05-03T03:41:34","slug":"programacao","status":"publish","type":"page","link":"https:\/\/letraslibras.ufpr.br\/ccs\/programacao\/","title":{"rendered":"Programa\u00e7\u00e3o"},"content":{"rendered":"<p>[et_pb_section fb_built=&#8221;1&#8243; _builder_version=&#8221;4.27.0&#8243; _module_preset=&#8221;default&#8221; locked=&#8221;off&#8221; global_colors_info=&#8221;{}&#8221;][et_pb_row _builder_version=&#8221;4.24.2&#8243; _module_preset=&#8221;default&#8221; max_width=&#8221;1280px&#8221; global_colors_info=&#8221;{}&#8221;][et_pb_column type=&#8221;4_4&#8243; _builder_version=&#8221;4.22.0&#8243; _module_preset=&#8221;default&#8221; global_colors_info=&#8221;{}&#8221;][et_pb_text _builder_version=&#8221;4.27.0&#8243; _module_preset=&#8221;_initial&#8221; text_font=&#8221;Poppins|800|||||||&#8221; text_text_color=&#8221;#000000&#8243; text_font_size=&#8221;50px&#8221; header_font=&#8221;Heebo|700|||||||&#8221; header_font_size=&#8221;80px&#8221; header_line_height=&#8221;1.2em&#8221; text_orientation=&#8221;center&#8221; text_font_size_tablet=&#8221;30px&#8221; text_font_size_phone=&#8221;15px&#8221; text_font_size_last_edited=&#8221;on|phone&#8221; header_font_size_tablet=&#8221;40px&#8221; header_font_size_phone=&#8221;24px&#8221; header_font_size_last_edited=&#8221;on|desktop&#8221; global_colors_info=&#8221;{}&#8221;]<\/p>\n<p>PROGRAMA\u00c7\u00c3O<\/p>\n<p>[\/et_pb_text][\/et_pb_column][\/et_pb_row][et_pb_row _builder_version=&#8221;4.27.0&#8243; _module_preset=&#8221;default&#8221; global_colors_info=&#8221;{}&#8221;][et_pb_column type=&#8221;4_4&#8243; _builder_version=&#8221;4.27.0&#8243; _module_preset=&#8221;default&#8221; global_colors_info=&#8221;{}&#8221;][et_pb_divider color=&#8221;#cc0c0c&#8221; divider_weight=&#8221;5px&#8221; _builder_version=&#8221;4.27.0&#8243; _module_preset=&#8221;default&#8221; background_enable_color=&#8221;off&#8221; global_colors_info=&#8221;{}&#8221;][\/et_pb_divider][\/et_pb_column][\/et_pb_row][et_pb_row _builder_version=&#8221;4.27.0&#8243; _module_preset=&#8221;default&#8221; global_colors_info=&#8221;{}&#8221;][et_pb_column type=&#8221;4_4&#8243; _builder_version=&#8221;4.27.0&#8243; _module_preset=&#8221;default&#8221; global_colors_info=&#8221;{}&#8221;][dnxte_advanced_tab tab_single_bg_color=&#8221;#4a4f4d&#8221; tab_active_bg_color=&#8221;#2b53f1&#8243; disabled_on=&#8221;off|off|off&#8221; _builder_version=&#8221;4.27.0&#8243; _module_preset=&#8221;default&#8221; tab_title_font=&#8221;Poppins|800|||||||&#8221; tab_title_text_color=&#8221;#ffffff&#8221; tab_active_title_font=&#8221;Poppins||||||||&#8221; tab_subtitle_font=&#8221;Poppins||||||||&#8221; tab_subtitle_text_color=&#8221;#ffffff&#8221; tab_active_subtitle_font=&#8221;Poppins||||||||&#8221; body_title_font=&#8221;Poppins||||||||&#8221; body_description_font=&#8221;Poppins||||||||&#8221; border_radii_tab=&#8221;off|10px|10px||&#8221; border_radii_tab_active=&#8221;off|10px|10px||&#8221; locked=&#8221;off&#8221; global_colors_info=&#8221;{}&#8221;][dnxte_advanced_tab_item tab_title=&#8221;12\/10&#8243; tab_subtitle=&#8221;DIA 1&#8243; _builder_version=&#8221;4.27.0&#8243; _module_preset=&#8221;default&#8221; default_font=&#8221;Poppins||||||||&#8221; description_font=&#8221;Poppins||||||||&#8221; global_colors_info=&#8221;{}&#8221;][\/dnxte_advanced_tab_item][dnxte_advanced_tab_item tab_title=&#8221;13\/10&#8243; tab_subtitle=&#8221;DIA 2&#8243; _builder_version=&#8221;4.27.0&#8243; _module_preset=&#8221;default&#8221; default_font=&#8221;Poppins||||||||&#8221; description_font=&#8221;Poppins||||||||&#8221; global_colors_info=&#8221;{}&#8221;][\/dnxte_advanced_tab_item][dnxte_advanced_tab_item tab_title=&#8221;14\/10&#8243; tab_subtitle=&#8221;DIA 3&#8243; _builder_version=&#8221;4.27.0&#8243; _module_preset=&#8221;default&#8221; default_font=&#8221;Poppins||||||||&#8221; description_font=&#8221;Poppins||||||||&#8221; global_colors_info=&#8221;{}&#8221;][\/dnxte_advanced_tab_item][dnxte_advanced_tab_item tab_title=&#8221;15\/10&#8243; tab_subtitle=&#8221;DIA 4&#8243; _builder_version=&#8221;4.27.0&#8243; _module_preset=&#8221;default&#8221; default_font=&#8221;Poppins||||||||&#8221; description_font=&#8221;Poppins||||||||&#8221; global_colors_info=&#8221;{}&#8221;][\/dnxte_advanced_tab_item][\/dnxte_advanced_tab][\/et_pb_column][\/et_pb_row][et_pb_row _builder_version=&#8221;4.27.0&#8243; _module_preset=&#8221;default&#8221; background_color=&#8221;#fecc17&#8243; custom_padding=&#8221;30px|30px|30px|30px|true|true&#8221; border_radii=&#8221;on|20px|20px|20px|20px&#8221; border_color_all=&#8221;#dddddd&#8221; global_colors_info=&#8221;{}&#8221;][et_pb_column type=&#8221;4_4&#8243; _builder_version=&#8221;4.27.0&#8243; _module_preset=&#8221;default&#8221; background_enable_color=&#8221;off&#8221; global_colors_info=&#8221;{}&#8221;][et_pb_text _builder_version=&#8221;4.27.0&#8243; _module_preset=&#8221;default&#8221; text_font=&#8221;Montserrat|800|||||||&#8221; text_text_color=&#8221;#000000&#8243; text_font_size=&#8221;60px&#8221; text_orientation=&#8221;center&#8221; text_font_size_tablet=&#8221;60px&#8221; text_font_size_phone=&#8221;40px&#8221; text_font_size_last_edited=&#8221;on|tablet&#8221; global_colors_info=&#8221;{}&#8221;]<\/p>\n<p>EM BREVE<\/p>\n<p>[\/et_pb_text][\/et_pb_column][\/et_pb_row][et_pb_row column_structure=&#8221;1_2,1_2&#8243; _builder_version=&#8221;4.27.0&#8243; _module_preset=&#8221;default&#8221; global_colors_info=&#8221;{}&#8221;][et_pb_column type=&#8221;1_2&#8243; _builder_version=&#8221;4.27.0&#8243; _module_preset=&#8221;default&#8221; global_colors_info=&#8221;{}&#8221;][et_pb_blurb title=&#8221;LOCAL DO EVENTO&#8221; use_icon=&#8221;on&#8221; font_icon=&#8221;&#xe081;||divi||400&#8243; icon_color=&#8221;#fc2624&#8243; icon_placement=&#8221;left&#8221; image_icon_width=&#8221;100px&#8221; _builder_version=&#8221;4.27.0&#8243; _module_preset=&#8221;default&#8221; header_font=&#8221;Poppins|800||on|||||&#8221; header_text_color=&#8221;#2b53f1&#8243; header_font_size=&#8221;50px&#8221; body_font=&#8221;Poppins||||||||&#8221; body_text_color=&#8221;#000000&#8243; global_colors_info=&#8221;{}&#8221;]<\/p>\n<h3><strong>TEATRO DA REITORIA<\/strong><\/h3>\n<p>Situado na Rua XV de Novembro, N\u00ba 1299,<br \/>Centro, Curitiba \u2013 PR.<\/p>\n<p>[\/et_pb_blurb][\/et_pb_column][et_pb_column type=&#8221;1_2&#8243; _builder_version=&#8221;4.27.0&#8243; _module_preset=&#8221;default&#8221; global_colors_info=&#8221;{}&#8221;][et_pb_blurb url=&#8221;https:\/\/maps.app.goo.gl\/oDCQruXHsEhVoDho8&#8243; image_icon_background_color=&#8221;RGBA(255,255,255,0)&#8221; image=&#8221;https:\/\/letraslibras.ufpr.br\/ccs\/wp-content\/uploads\/sites\/8\/2026\/05\/Local.jpg&#8221; _builder_version=&#8221;4.27.0&#8243; _module_preset=&#8221;default&#8221; background_color=&#8221;RGBA(255,255,255,0)&#8221; filter_contrast=&#8221;150%&#8221; filter_opacity=&#8221;20%&#8221; mix_blend_mode=&#8221;multiply&#8221; child_mix_blend_mode=&#8221;screen&#8221; link_option_url=&#8221;https:\/\/maps.app.goo.gl\/oDCQruXHsEhVoDho8&#8243; link_option_url_new_window=&#8221;on&#8221; hover_enabled=&#8221;0&#8243; filter_contrast_tablet=&#8221;150%&#8221; filter_contrast_phone=&#8221;145%&#8221; filter_contrast_last_edited=&#8221;on|desktop&#8221; border_style_all_image=&#8221;dashed&#8221; global_colors_info=&#8221;{}&#8221; filter_contrast__hover_enabled=&#8221;off|desktop&#8221; url_new_window=&#8221;on&#8221; sticky_enabled=&#8221;0&#8243;][\/et_pb_blurb][et_pb_blurb image=&#8221;https:\/\/letraslibras.ufpr.br\/ccs\/wp-content\/uploads\/sites\/8\/2026\/05\/Teatro.jpg&#8221; image_icon_width=&#8221;60%&#8221; _builder_version=&#8221;4.27.0&#8243; _module_preset=&#8221;default&#8221; image_icon_custom_padding=&#8221;5px|5px|5px|5px|true|true&#8221; transform_scale_linked=&#8221;off&#8221; transform_translate=&#8221;0px|-50px&#8221; transform_translate_linked=&#8221;off&#8221; custom_margin=&#8221;-100px||-100px||true|false&#8221; border_radii_image=&#8221;on|260px|260px|260px|260px&#8221; border_width_all_image=&#8221;5px&#8221; border_color_all_image=&#8221;#29bf2c&#8221; global_colors_info=&#8221;{}&#8221;][\/et_pb_blurb][et_pb_blurb title=&#8221;TEATRO DA REITORIA&#8221; _builder_version=&#8221;4.27.0&#8243; _module_preset=&#8221;default&#8221; header_font=&#8221;Poppins|800||on|||||&#8221; header_text_align=&#8221;center&#8221; background_color=&#8221;#2b53f1&#8243; text_orientation=&#8221;center&#8221; background_layout=&#8221;dark&#8221; width=&#8221;40%&#8221; module_alignment=&#8221;center&#8221; custom_margin=&#8221;-7px||-7px||true|false&#8221; custom_padding=&#8221;10px||||false|false&#8221; border_radii=&#8221;on|30px|30px|30px|30px&#8221; global_colors_info=&#8221;{}&#8221;][\/et_pb_blurb][\/et_pb_column][\/et_pb_row][\/et_pb_section][et_pb_section fb_built=&#8221;1&#8243; _builder_version=&#8221;4.27.0&#8243; _module_preset=&#8221;default&#8221; global_colors_info=&#8221;{}&#8221; header_text_color__hover=&#8221;#ffffff&#8221; header_text_color__hover_enabled=&#8221;on|hover&#8221; header_font_size_tablet=&#8221;16px&#8221; header_font_size_phone=&#8221;15px&#8221; header_font_size_last_edited=&#8221;on|desktop&#8221;][et_pb_row _builder_version=&#8221;4.27.0&#8243; _module_preset=&#8221;default&#8221; module_alignment=&#8221;center&#8221; global_colors_info=&#8221;{}&#8221; header_text_color__hover=&#8221;#ffffff&#8221; header_text_color__hover_enabled=&#8221;on|hover&#8221; header_font_size_tablet=&#8221;16px&#8221; header_font_size_phone=&#8221;15px&#8221; header_font_size_last_edited=&#8221;on|desktop&#8221;][et_pb_column type=&#8221;4_4&#8243; _builder_version=&#8221;4.27.0&#8243; _module_preset=&#8221;default&#8221; global_colors_info=&#8221;{}&#8221;][et_pb_text _builder_version=&#8221;4.27.0&#8243; _module_preset=&#8221;_initial&#8221; text_font=&#8221;Poppins|800|||||||&#8221; text_text_color=&#8221;#000000&#8243; text_font_size=&#8221;50px&#8221; header_font=&#8221;Heebo|700|||||||&#8221; header_font_size=&#8221;80px&#8221; header_line_height=&#8221;1.2em&#8221; text_orientation=&#8221;center&#8221; text_font_size_tablet=&#8221;30px&#8221; text_font_size_phone=&#8221;15px&#8221; text_font_size_last_edited=&#8221;on|phone&#8221; header_font_size_tablet=&#8221;40px&#8221; header_font_size_phone=&#8221;24px&#8221; header_font_size_last_edited=&#8221;on|desktop&#8221; global_colors_info=&#8221;{}&#8221;]<\/p>\n<p>PALESTRANTES<\/p>\n<p>[\/et_pb_text][\/et_pb_column][\/et_pb_row][et_pb_row column_structure=&#8221;1_4,1_4,1_4,1_4&#8243; _builder_version=&#8221;4.27.0&#8243; _module_preset=&#8221;default&#8221; global_colors_info=&#8221;{}&#8221;][et_pb_column type=&#8221;1_4&#8243; _builder_version=&#8221;4.27.0&#8243; _module_preset=&#8221;default&#8221; global_colors_info=&#8221;{}&#8221;][et_pb_blurb image=&#8221;https:\/\/letraslibras.ufpr.br\/ccs\/wp-content\/uploads\/sites\/8\/2026\/05\/Cristiano.jpg&#8221; _builder_version=&#8221;4.27.0&#8243; _module_preset=&#8221;_initial&#8221; header_level=&#8221;h6&#8243; header_font=&#8221;Poppins|800||on|||||&#8221; body_font=&#8221;Poppins||||||||&#8221; body_text_align=&#8221;left&#8221; body_text_color=&#8221;#000000&#8243; body_line_height=&#8221;1.8em&#8221; text_orientation=&#8221;center&#8221; module_alignment=&#8221;center&#8221; animation=&#8221;off&#8221; header_font_size_tablet=&#8221;16px&#8221; header_font_size_phone=&#8221;15px&#8221; header_font_size_last_edited=&#8221;on|desktop&#8221; border_radii_image=&#8221;on|10px|10px|10px|10px&#8221; locked=&#8221;off&#8221; global_colors_info=&#8221;{}&#8221; header_text_color__hover_enabled=&#8221;on|desktop&#8221; body_text_color__hover_enabled=&#8221;off|desktop&#8221; content_max_width__hover_enabled=&#8221;off|desktop&#8221; header_text_color__hover=&#8221;#000000&#8243;]<\/p>\n<h6 style=\"text-align: center\"><strong>CRISTIANO MONTEIRO &#8211; UFPE<\/strong><br \/><strong>(PERNAMBUCO)<\/strong><\/h6>\n<p><strong>PALESTRA:<\/strong><\/p>\n<ul>\n<li>Um estudo sobre a Visual Vernacular (VV) como express\u00e3o da cultura e da literatura surda<\/li>\n<\/ul>\n<p><strong>OFICINA<\/strong><b>:<\/b><\/p>\n<ul>\n<li>Performance Visual de Ritmo em L\u00edngua de Sinais<\/li>\n<\/ul>\n<p>[\/et_pb_blurb][\/et_pb_column][et_pb_column type=&#8221;1_4&#8243; _builder_version=&#8221;4.27.0&#8243; _module_preset=&#8221;default&#8221; global_colors_info=&#8221;{}&#8221;][et_pb_blurb image=&#8221;https:\/\/letraslibras.ufpr.br\/ccs\/wp-content\/uploads\/sites\/8\/2026\/05\/Rafael.jpg&#8221; _builder_version=&#8221;4.27.0&#8243; _module_preset=&#8221;_initial&#8221; header_font=&#8221;Poppins|800||on|||||&#8221; body_font=&#8221;Poppins||||||||&#8221; body_text_align=&#8221;left&#8221; body_text_color=&#8221;#000000&#8243; body_line_height=&#8221;1.8em&#8221; text_orientation=&#8221;center&#8221; module_alignment=&#8221;center&#8221; animation=&#8221;off&#8221; border_radii_image=&#8221;on|10px|10px|10px|10px&#8221; locked=&#8221;off&#8221; global_colors_info=&#8221;{}&#8221; header_text_color__hover_enabled=&#8221;on|desktop&#8221; body_text_color__hover_enabled=&#8221;on|hover&#8221; content_max_width__hover_enabled=&#8221;off|desktop&#8221; header_text_color__hover=&#8221;#000000&#8243; body_text_color__hover=&#8221;#000000&#8243;]<\/p>\n<h6 style=\"text-align: center\"><strong>RAFAEL EMIL &#8211; UFRPE<\/strong><br \/><strong>(PERNAMBUCO)<\/strong><\/h6>\n<p><b>PALESTRA: <\/b><\/p>\n<ul>\n<li>Narrativas Visuais em Libras com Criatividade <b>( PALESTRA ONLINE)<\/b><\/li>\n<li>Tecnologia e Cultura Surda: Criando V\u00eddeos e Anima\u00e7\u00f5es em Libras com IA (I Mostra do CCS)<\/li>\n<\/ul>\n<p><b>OFICINA:<\/b><\/p>\n<ul>\n<li>Criando Anima\u00e7\u00f5es em Libras usando Intelig\u00eancia Artificial (I Mostra do CCS)<\/li>\n<\/ul>\n<p>[\/et_pb_blurb][\/et_pb_column][et_pb_column type=&#8221;1_4&#8243; _builder_version=&#8221;4.27.0&#8243; _module_preset=&#8221;default&#8221; global_colors_info=&#8221;{}&#8221;][et_pb_blurb image=&#8221;https:\/\/letraslibras.ufpr.br\/ccs\/wp-content\/uploads\/sites\/8\/2026\/05\/Rodrigo.jpg&#8221; _builder_version=&#8221;4.27.0&#8243; _module_preset=&#8221;_initial&#8221; header_font=&#8221;Poppins|800||on|||||&#8221; body_font=&#8221;Poppins||||||||&#8221; body_text_align=&#8221;left&#8221; body_text_color=&#8221;#000000&#8243; body_line_height=&#8221;1.8em&#8221; text_orientation=&#8221;center&#8221; module_alignment=&#8221;center&#8221; animation=&#8221;off&#8221; border_radii_image=&#8221;on|10px|10px|10px|10px&#8221; locked=&#8221;off&#8221; global_colors_info=&#8221;{}&#8221; header_text_color__hover_enabled=&#8221;on|desktop&#8221; body_text_color__hover_enabled=&#8221;on|hover&#8221; content_max_width__hover_enabled=&#8221;off|desktop&#8221; header_text_color__hover=&#8221;#000000&#8243; body_text_color__hover=&#8221;#000000&#8243;]<\/p>\n<h6 style=\"text-align: center\"><strong>RODRIGO CUSTODIO &#8211; UFSC<\/strong><br \/>\n<strong>(SANTA CATARINA)<\/strong><\/h6>\n<p><strong>PALESTRA:<\/strong> BREVE<\/p>\n<p><strong>OFICINA:<\/strong> BREVE<\/p>\n<p>Com ministrantes: Rodrigo Custodio (UFSC) e Nat\u00e1lia Rigo (UDESC)[\/et_pb_blurb][\/et_pb_column][et_pb_column type=&#8221;1_4&#8243; _builder_version=&#8221;4.27.0&#8243; _module_preset=&#8221;default&#8221; global_colors_info=&#8221;{}&#8221;][et_pb_blurb image=&#8221;https:\/\/letraslibras.ufpr.br\/ccs\/wp-content\/uploads\/sites\/8\/2026\/05\/Tamara.jpg&#8221; _builder_version=&#8221;4.27.0&#8243; _module_preset=&#8221;_initial&#8221; header_font=&#8221;Poppins|800||on|||||&#8221; body_font=&#8221;Poppins||||||||&#8221; body_text_align=&#8221;left&#8221; body_text_color=&#8221;#000000&#8243; body_line_height=&#8221;1.8em&#8221; text_orientation=&#8221;center&#8221; module_alignment=&#8221;center&#8221; animation=&#8221;off&#8221; border_radii_image=&#8221;on|10px|10px|10px|10px&#8221; locked=&#8221;off&#8221; global_colors_info=&#8221;{}&#8221; header_text_color__hover_enabled=&#8221;on|desktop&#8221; body_text_color__hover_enabled=&#8221;on|hover&#8221; content_max_width__hover_enabled=&#8221;off|desktop&#8221; header_text_color__hover=&#8221;#000000&#8243; body_text_color__hover=&#8221;#000000&#8243;]<\/p>\n<h6 style=\"text-align: center\"><strong>TAMARA SILVA<\/strong><br \/><strong>(PARAIBA)<\/strong><\/h6>\n<p><strong>PALESTRA<\/strong>: BREVE<\/p>\n<p><strong>OFICINA:<\/strong> BREVE<\/p>\n<p>[\/et_pb_blurb][\/et_pb_column][\/et_pb_row][\/et_pb_section]<\/p>\n","protected":false},"excerpt":{"rendered":"<p>PROGRAMA\u00c7\u00c3O<div class=\"et_pb_module dnxte_advanced_tab dnxte_advanced_tab_0\">\n\t\t\t\t\n\t\t\t\t\n\t\t\t\t\n\t\t\t\t\n\t\t\t\t\n\t\t\t\t\n\t\t\t\t<div class=\"et_pb_module_inner\">\n\t\t\t\t\t<div class=\"tab-container dnxte_tab_wrapper\">\r\n            <div class=\"dnxte_tab_menu\" data-tab-effect=\"\">\r\n               <ul><li class=\"dnxte_advanced_tab_item_0\">\r\n            <a href=\"#\" class=\"dnxte_tab_a dnxt-hover-ad-\"\r\n                            data-id=\"dnxte_advanced_tab_item_0\" data-activeOnLoad=\"off\">\r\n                            \r\n                            \r\n                            <span class=\"dnxte_tab_nav_content\">\r\n                                <div class=\"dnxte_tab_nav_title\">12\/10<\/div>\r\n                                <p class=\"dnxte_tab_nav_pra\">DIA 1<\/p>\r\n                            <\/span>\r\n                            <\/a>\r\n                        <\/li><li class=\"dnxte_advanced_tab_item_1\">\r\n            <a href=\"#\" class=\"dnxte_tab_a dnxt-hover-ad-\"\r\n                            data-id=\"dnxte_advanced_tab_item_1\" data-activeOnLoad=\"off\">\r\n                            \r\n                            \r\n                            <span class=\"dnxte_tab_nav_content\">\r\n                                <div class=\"dnxte_tab_nav_title\">13\/10<\/div>\r\n                                <p class=\"dnxte_tab_nav_pra\">DIA 2<\/p>\r\n                            <\/span>\r\n                            <\/a>\r\n                        <\/li><li class=\"dnxte_advanced_tab_item_2\">\r\n            <a href=\"#\" class=\"dnxte_tab_a dnxt-hover-ad-\"\r\n                            data-id=\"dnxte_advanced_tab_item_2\" data-activeOnLoad=\"off\">\r\n                            \r\n                            \r\n                            <span class=\"dnxte_tab_nav_content\">\r\n                                <div class=\"dnxte_tab_nav_title\">14\/10<\/div>\r\n                                <p class=\"dnxte_tab_nav_pra\">DIA 3<\/p>\r\n                            <\/span>\r\n                            <\/a>\r\n                        <\/li><li class=\"dnxte_advanced_tab_item_3\">\r\n            <a href=\"#\" class=\"dnxte_tab_a dnxt-hover-ad-\"\r\n                            data-id=\"dnxte_advanced_tab_item_3\" data-activeOnLoad=\"off\">\r\n                            \r\n                            \r\n                            <span class=\"dnxte_tab_nav_content\">\r\n                                <div class=\"dnxte_tab_nav_title\">15\/10<\/div>\r\n                                <p class=\"dnxte_tab_nav_pra\">DIA 4<\/p>\r\n                            <\/span>\r\n                            <\/a>\r\n                        <\/li><\/ul>\r\n            <\/div>\r\n            <div class=\"dnxte_body_content_wrapper\">\r\n                <div class=\"et_pb_module dnxte_advanced_tab_item dnxte_advanced_tab_item_0\">\n\t\t\t\t\n\t\t\t\t\n\t\t\t\t\n\t\t\t\t\n\t\t\t\t\n\t\t\t\t\n\t\t\t\t<div class=\"et_pb_module_inner\">\n\t\t\t\t\t<div class=\"dnxte_tab_content\" data-id=\"dnxte_advanced_tab_item_0\">\r\n                \r\n                \r\n            <\/div>\n\t\t\t\t<\/div>\n\t\t\t<\/div><div class=\"et_pb_module dnxte_advanced_tab_item dnxte_advanced_tab_item_1\">\n\t\t\t\t\n\t\t\t\t\n\t\t\t\t\n\t\t\t\t\n\t\t\t\t\n\t\t\t\t\n\t\t\t\t<div class=\"et_pb_module_inner\">\n\t\t\t\t\t<div class=\"dnxte_tab_content\" data-id=\"dnxte_advanced_tab_item_1\">\r\n                \r\n                \r\n            <\/div>\n\t\t\t\t<\/div>\n\t\t\t<\/div><div class=\"et_pb_module dnxte_advanced_tab_item dnxte_advanced_tab_item_2\">\n\t\t\t\t\n\t\t\t\t\n\t\t\t\t\n\t\t\t\t\n\t\t\t\t\n\t\t\t\t\n\t\t\t\t<div class=\"et_pb_module_inner\">\n\t\t\t\t\t<div class=\"dnxte_tab_content\" data-id=\"dnxte_advanced_tab_item_2\">\r\n                \r\n                \r\n            <\/div>\n\t\t\t\t<\/div>\n\t\t\t<\/div><div class=\"et_pb_module dnxte_advanced_tab_item dnxte_advanced_tab_item_3\">\n\t\t\t\t\n\t\t\t\t\n\t\t\t\t\n\t\t\t\t\n\t\t\t\t\n\t\t\t\t\n\t\t\t\t<div class=\"et_pb_module_inner\">\n\t\t\t\t\t<div class=\"dnxte_tab_content\" data-id=\"dnxte_advanced_tab_item_3\">\r\n                \r\n                \r\n            <\/div>\n\t\t\t\t<\/div>\n\t\t\t<\/div>\r\n            <\/div>\r\n            <\/div>\n\t\t\t\t<\/div>\n\t\t\t<\/div>EM BREVETEATRO DA REITORIA Situado na [&hellip;]<\/p>\n","protected":false},"author":12,"featured_media":0,"parent":0,"menu_order":0,"comment_status":"closed","ping_status":"closed","template":"","meta":{"_et_pb_use_builder":"on","_et_pb_old_content":"","_et_gb_content_width":"","footnotes":""},"class_list":["post-966","page","type-page","status-publish","hentry"],"_links":{"self":[{"href":"https:\/\/letraslibras.ufpr.br\/ccs\/wp-json\/wp\/v2\/pages\/966","targetHints":{"allow":["GET"]}}],"collection":[{"href":"https:\/\/letraslibras.ufpr.br\/ccs\/wp-json\/wp\/v2\/pages"}],"about":[{"href":"https:\/\/letraslibras.ufpr.br\/ccs\/wp-json\/wp\/v2\/types\/page"}],"author":[{"embeddable":true,"href":"https:\/\/letraslibras.ufpr.br\/ccs\/wp-json\/wp\/v2\/users\/12"}],"replies":[{"embeddable":true,"href":"https:\/\/letraslibras.ufpr.br\/ccs\/wp-json\/wp\/v2\/comments?post=966"}],"version-history":[{"count":127,"href":"https:\/\/letraslibras.ufpr.br\/ccs\/wp-json\/wp\/v2\/pages\/966\/revisions"}],"predecessor-version":[{"id":2679,"href":"https:\/\/letraslibras.ufpr.br\/ccs\/wp-json\/wp\/v2\/pages\/966\/revisions\/2679"}],"wp:attachment":[{"href":"https:\/\/letraslibras.ufpr.br\/ccs\/wp-json\/wp\/v2\/media?parent=966"}],"curies":[{"name":"wp","href":"https:\/\/api.w.org\/{rel}","templated":true}]}}